{"id":1852,"date":"2026-02-02T08:21:56","date_gmt":"2026-02-02T03:21:56","guid":{"rendered":"https:\/\/genjimemiras.com.tm\/glavnaya\/"},"modified":"2026-02-06T15:23:46","modified_gmt":"2026-02-06T10:23:46","slug":"glavnaya","status":"publish","type":"page","link":"https:\/\/genjimemiras.com.tm\/tm\/","title":{"rendered":"Ba\u015f sahypa"},"content":{"rendered":"<div class=\"wpb-content-wrapper\"><p>[vc_row full_width=&#8221;stretch_row_content_no_spaces&#8221;][vc_column]<div class=\"relative\"><div id=\"cz_41587\" class=\"cz_sep2 cz_sep2_26 cz_sep_bottom\"><svg preserveAspectRatio=\"none\" xmlns=\"http:\/\/www.w3.org\/2000\/svg\" width=\"100%\"  viewBox=\"0 0 1600 252\">\n\t\t\t\t\t\t\t<path style=\"fill:rgba(255,255,255,0.2)\" d=\"M-77.98,285.381H2081.98C2106,277.616,1036.5-302.5-77.98,285.381Z\"\/>\n\t\t\t\t\t\t\t<path style=\"fill:rgba(255,255,255,0.35)\" d=\"M-108,8s64-36,494,54,429.633,166.352,854,48,332-128,688-88V292H-48Z\"\/>\n\t\t\t\t\t\t\t<path style=\"fill:#ffffff\" d=\"M-84,145S266.435,11.367,896,180c224,60,413,97,798-20l2,96H-60Z\"\/>\n\t\t\t\t\t\t<\/svg><\/div><\/div>[\/vc_column][\/vc_row][vc_row][vc_column]<div class=\"cz_gap clr \" style=\"height: 70px\"><\/div><div id=\"cz_70840\" class=\"cz_70840 cz_title clr cz_mobile_text_center cz_title_pos_inline tac\"><div class=\"cz_title_shape shape_square cz_shape_1\"><\/div><div class=\"cz_title_shape shape_square cz_shape_2\"><\/div><div class=\"cz_title_content\"><div class=\"cz_wpe_content\"><h3 style=\"text-align: center;\"><strong><span style=\"color: rgba(238, 124, 0, 0.35);\">BIZI\u0147 <\/span><\/strong><\/h3>\n<p>&nbsp;<\/p>\n<p>&nbsp;<\/p>\n<h2 style=\"text-align: center;\"><span style=\"color: #ee7c00; font-weight: bold;\">\u00dd\u00d6RELGELERIMIZ<\/span><\/h2>\n<\/div><\/div><\/div><div class=\"cz_gap clr  hide_on_tablet hide_on_mobile\" style=\"height: 320px\"><\/div><div class=\"cz_gap show_on_tablet clr \" style=\"height: 280px\"><\/div>[\/vc_column][\/vc_row][vc_row full_width=&#8221;stretch_row&#8221; css=&#8221;.vc_custom_1556034684251{background-color: #ee7c00 !important;}&#8221;][vc_column][vc_row_inner css=&#8221;.vc_custom_1556035062596{margin-top: -230px !important;}&#8221;][vc_column_inner width=&#8221;1\/4&#8243;]<div id=\"cz_86675\" class=\"cz_86675 services clr style11 cz_sbi_fx_9a services_b\"><div class=\"service_img services_img_have_hover\"><img loading=\"lazy\" decoding=\"async\" width=\"90\" height=\"90\" src=\"https:\/\/genjimemiras.com.tm\/wp-content\/uploads\/2026\/02\/partners_b.png\" class=\"service-icon attachment-thumbnail\" alt=\"\" title=\"\" \/><img loading=\"lazy\" decoding=\"async\" width=\"90\" height=\"90\" src=\"https:\/\/genjimemiras.com.tm\/wp-content\/uploads\/2026\/02\/partners_w.png\" class=\"service-icon attachment-thumbnail\" alt=\"\" title=\"\" \/><\/div><div class=\"service_text\"><h3>Hyzmatda\u015flyklary\u0148 ygtybarlylygy we a\u00e7yklygy<\/h3><div class=\"cz_wpe_content\"><\/div><\/div><\/div>[\/vc_column_inner][vc_column_inner width=&#8221;1\/4&#8243;]<div id=\"cz_102626\" class=\"cz_102626 services clr style11 cz_sbi_fx_9a services_b\"><div class=\"service_img services_img_have_hover\"><img loading=\"lazy\" decoding=\"async\" width=\"90\" height=\"90\" src=\"https:\/\/genjimemiras.com.tm\/wp-content\/uploads\/2019\/04\/icon2.png\" class=\"service-icon attachment-thumbnail\" alt=\"\" title=\"icon2\" \/><img loading=\"lazy\" decoding=\"async\" width=\"90\" height=\"90\" src=\"https:\/\/genjimemiras.com.tm\/wp-content\/uploads\/2019\/04\/icon2h.png\" class=\"service-icon attachment-thumbnail\" alt=\"\" title=\"icon2h\" \/><\/div><div class=\"service_text\"><h3>Netijeli<br \/>\nlogistika<br \/>\nwe wagtynda<br \/>\neltip bermek<\/h3><div class=\"cz_wpe_content\"><\/div><\/div><\/div>[\/vc_column_inner][vc_column_inner width=&#8221;1\/4&#8243;]<div id=\"cz_88136\" class=\"cz_88136 services clr style11 cz_sbi_fx_9a services_b\"><div class=\"service_img services_img_have_hover\"><img loading=\"lazy\" decoding=\"async\" width=\"90\" height=\"90\" src=\"https:\/\/genjimemiras.com.tm\/wp-content\/uploads\/2026\/02\/medical_b.png\" class=\"service-icon attachment-thumbnail\" alt=\"\" title=\"\" \/><img loading=\"lazy\" decoding=\"async\" width=\"90\" height=\"90\" src=\"https:\/\/genjimemiras.com.tm\/wp-content\/uploads\/2026\/02\/medical_w.png\" class=\"service-icon attachment-thumbnail\" alt=\"\" title=\"\" \/><\/div><div class=\"service_text\"><h3>Lukman\u00e7ylyk h\u00fcn\u00e4rmenleri we edaralary bilen hyzmatda\u015flyk<\/h3><div class=\"cz_wpe_content\"><\/div><\/div><\/div>[\/vc_column_inner][vc_column_inner width=&#8221;1\/4&#8243;]<div id=\"cz_39939\" class=\"cz_39939 services clr style11 cz_sbi_fx_9a services_b\"><div class=\"service_img services_img_have_hover\"><img loading=\"lazy\" decoding=\"async\" width=\"90\" height=\"90\" src=\"https:\/\/genjimemiras.com.tm\/wp-content\/uploads\/2026\/02\/standart_b.png\" class=\"service-icon attachment-thumbnail\" alt=\"\" title=\"\" \/><img loading=\"lazy\" decoding=\"async\" width=\"90\" height=\"90\" src=\"https:\/\/genjimemiras.com.tm\/wp-content\/uploads\/2026\/02\/standart_w.png\" class=\"service-icon attachment-thumbnail\" alt=\"\" title=\"\" \/><\/div><div class=\"service_text\"><h3>Halkara standartlaryna la\u00fdyklyk<\/h3><div class=\"cz_wpe_content\"><\/div><\/div><\/div>[\/vc_column_inner][\/vc_row_inner]<div class=\"cz_gap clr  hide_on_tablet hide_on_mobile\" style=\"height: 100px\"><\/div><div class=\"cz_gap show_on_tablet clr \" style=\"height: 60px\"><\/div>[vc_row_inner][vc_column_inner width=&#8221;1\/4&#8243;]<div id=\"cz_89846\" class=\"cz_89846 cz_title clr cz_mobile_text_center cz_title_pos_inline\"><div class=\"cz_title_shape shape_icon cz_shape_1\"><i class=\"fa czico-008-right-arrow\"><\/i><\/div><div class=\"cz_title_content\"><div class=\"cz_wpe_content\"><div style=\"line-height: 1.2;\"><span style=\"font-size: 42px; font-weight: bold; color: #ffffff;\">Genjime <\/span><br \/>\n<span style=\"font-size: 42px; font-weight: bold; color: #ffffff;\">Miras <\/span><br \/>\n<span style=\"font-size: 42px; font-weight: bold; color: #ffffff;\">HJ &#8211; <\/span><\/div>\n<\/div><\/div><\/div>[\/vc_column_inner][vc_column_inner width=&#8221;3\/4&#8243;]<div id=\"cz_49942\" class=\"cz_49942 cz_title clr cz_mobile_text_center cz_title_pos_inline\"><div class=\"cz_title_content\"><div class=\"cz_wpe_content\"><p><span style=\"color: #ffffff;\">derman we saglygy gora\u00fdy\u015f \u00f6n\u00fcmlerini\u0148 distribusi\u00fdasy we b\u00f6lek satuwy bo\u00fdun\u00e7a \u00fd\u00f6ritele\u015fen d\u00f6wrebap derman kompani\u00fdasydyr. Kompani\u00fda T\u00fcrkmenistanda we GDA \u00fdurtlarynda \u00fdokary hilli we netijeli derman \u00e7\u00f6zg\u00fctlerine el\u00fdeterliligi gi\u0148eltmek maksady bilen d\u00f6redildi.<\/span><\/p>\n<p><span style=\"color: #ffffff;\"><br \/>\n<strong>Genjime Miras HJ<\/strong> &#8211; <strong>Myratly Gadam<\/strong> hususy k\u00e4rhanasyny\u0148 d\u00fcz\u00fcm birligi h\u00f6km\u00fcnde \u00e7u\u0148\u0148ur pudak tejribesini, halkara standartlaryna ygrarlylygy we aja\u00fdyp i\u015f abra\u00fdyny \u00f6z\u00fcnde jemle\u00fd\u00e4r.<\/span><\/p>\n<\/div><\/div><\/div>[\/vc_column_inner][\/vc_row_inner][vc_row_inner el_class=&#8221;tar center_on_mobile&#8221;][vc_column_inner width=&#8221;1\/4&#8243;][\/vc_column_inner][vc_column_inner width=&#8221;1\/2&#8243;]<div id=\"cz_37102\" class=\"cz_37102 cz_title clr cz_mobile_text_center cz_title_pos_inline\"><div class=\"cz_title_content\"><div class=\"cz_wpe_content\"><p style=\"text-align: left;\"><span style=\"color: #ffffff;\">Derman s\u00f6wdasynda k\u00f6p \u00fdyllyk tejribesi bolan h\u00fcn\u00e4rmen toparymyzy\u0148 k\u00f6megi bilen biz global \u00f6n\u00fcm \u00f6nd\u00fcrijiler bilen sebiti\u0148 lukman\u00e7ylyk edaralaryny\u0148 arasynda ygtybarly baglany\u015fyk bolup hyzmat ed\u00fd\u00e4ris.<\/span><\/p>\n<\/div><\/div><\/div>[\/vc_column_inner][vc_column_inner width=&#8221;1\/4&#8243;]<div class=\"cz_gap clr \" style=\"height: 40px\"><\/div><div class=\"cz_btn_inline\"><div class=\"cz_29258_p\"><a id=\"cz_29258\" class=\"cz_29258 cz_btn cz_btn_txt_no_fx cz_btn_fill_up\" href=\"https:\/\/genjimemiras.com.tm\/tm\/biz-hakda\/\" title=\"Biz hakda\" aria-label=\"Biz hakda\"><span><strong>Hemmesini gormek<\/strong><\/span><b class=\"cz_btn_onhover\"><strong>Hemmesini gormek<\/strong><\/b><\/a><\/div><\/div>[\/vc_column_inner][\/vc_row_inner]<div class=\"cz_gap clr  hide_on_tablet hide_on_mobile\" style=\"height: 210px\"><\/div><div class=\"cz_gap show_on_tablet clr  show_only_tablet\" style=\"height: 180px\"><\/div><div class=\"cz_gap show_on_mobile clr\" style=\"height: 1px\"><\/div>[\/vc_column][\/vc_row]<\/p>\n<\/div>","protected":false},"excerpt":{"rendered":"<p>[vc_row full_width=&#8221;stretch_row_content_no_spaces&#8221;][vc_column][\/vc_column][\/vc_row][vc_row][vc_column][\/vc_column][\/vc_row][vc_row full_width=&#8221;stretch_row&#8221; css=&#8221;.vc_custom_1556034684251{background-color: #ee7c00 !important;}&#8221;][vc_column][vc_row_inner css=&#8221;.vc_custom_1556035062596{margin-top: -230px !important;}&#8221;][vc_column_inner width=&#8221;1\/4&#8243;][\/vc_column_inner][vc_column_inner width=&#8221;1\/4&#8243;][\/vc_column_inner][vc_column_inner &#8230; <\/p>\n","protected":false},"author":1,"featured_media":0,"parent":0,"menu_order":0,"comment_status":"closed","ping_status":"closed","template":"","meta":{"footnotes":""},"class_list":["post-1852","page","type-page","status-publish","hentry"],"yoast_head":"<!-- This site is optimized with the Yoast SEO plugin v26.9 - https:\/\/yoast.com\/product\/yoast-seo-wordpress\/ -->\n<title>Ba\u015f sahypa | Genjime Miras<\/title>\n<meta name=\"robots\" content=\"index, follow, max-snippet:-1, max-image-preview:large, max-video-preview:-1\" \/>\n<link rel=\"canonical\" href=\"https:\/\/genjimemiras.com.tm\/tm\/glavnaya\/\" \/>\n<meta property=\"og:locale\" content=\"tk_TM\" \/>\n<meta property=\"og:type\" content=\"article\" \/>\n<meta property=\"og:title\" content=\"Ba\u015f sahypa | Genjime Miras\" \/>\n<meta property=\"og:description\" content=\"[vc_row full_width=&#8221;stretch_row_content_no_spaces&#8221;][vc_column][\/vc_column][\/vc_row][vc_row][vc_column][\/vc_column][\/vc_row][vc_row full_width=&#8221;stretch_row&#8221; css=&#8221;.vc_custom_1556034684251{background-color: #ee7c00 !important;}&#8221;][vc_column][vc_row_inner css=&#8221;.vc_custom_1556035062596{margin-top: -230px !important;}&#8221;][vc_column_inner width=&#8221;1\/4&#8243;][\/vc_column_inner][vc_column_inner width=&#8221;1\/4&#8243;][\/vc_column_inner][vc_column_inner ...\" \/>\n<meta property=\"og:url\" content=\"https:\/\/genjimemiras.com.tm\/tm\/glavnaya\/\" \/>\n<meta property=\"og:site_name\" content=\"Genjime Miras\" \/>\n<meta property=\"article:modified_time\" content=\"2026-02-06T10:23:46+00:00\" \/>\n<meta property=\"og:image\" content=\"https:\/\/genjimemiras.com.tm\/wp-content\/uploads\/2026\/02\/Genjime-Miras.jpg\" \/>\n\t<meta property=\"og:image:width\" content=\"1199\" \/>\n\t<meta property=\"og:image:height\" content=\"675\" \/>\n\t<meta property=\"og:image:type\" content=\"image\/jpeg\" \/>\n<meta name=\"twitter:card\" content=\"summary_large_image\" \/>\n<meta name=\"twitter:label1\" content=\"Est. reading time\" \/>\n\t<meta name=\"twitter:data1\" content=\"4 minutes\" \/>\n<script type=\"application\/ld+json\" class=\"yoast-schema-graph\">{\"@context\":\"https:\/\/schema.org\",\"@graph\":[{\"@type\":\"WebPage\",\"@id\":\"https:\/\/genjimemiras.com.tm\/tm\/glavnaya\/\",\"url\":\"https:\/\/genjimemiras.com.tm\/tm\/glavnaya\/\",\"name\":\"Ba\u015f sahypa | Genjime Miras\",\"isPartOf\":{\"@id\":\"https:\/\/genjimemiras.com.tm\/#website\"},\"datePublished\":\"2026-02-02T03:21:56+00:00\",\"dateModified\":\"2026-02-06T10:23:46+00:00\",\"breadcrumb\":{\"@id\":\"https:\/\/genjimemiras.com.tm\/tm\/glavnaya\/#breadcrumb\"},\"inLanguage\":\"tk-TM\",\"potentialAction\":[{\"@type\":\"ReadAction\",\"target\":[\"https:\/\/genjimemiras.com.tm\/tm\/glavnaya\/\"]}]},{\"@type\":\"BreadcrumbList\",\"@id\":\"https:\/\/genjimemiras.com.tm\/tm\/glavnaya\/#breadcrumb\",\"itemListElement\":[{\"@type\":\"ListItem\",\"position\":1,\"name\":\"Home\",\"item\":\"https:\/\/genjimemiras.com.tm\/tm\/glavnaya\/\"},{\"@type\":\"ListItem\",\"position\":2,\"name\":\"Ba\u015f sahypa\"}]},{\"@type\":\"WebSite\",\"@id\":\"https:\/\/genjimemiras.com.tm\/#website\",\"url\":\"https:\/\/genjimemiras.com.tm\/\",\"name\":\"Genjime Miras\",\"description\":\"\",\"publisher\":{\"@id\":\"https:\/\/genjimemiras.com.tm\/#organization\"},\"potentialAction\":[{\"@type\":\"SearchAction\",\"target\":{\"@type\":\"EntryPoint\",\"urlTemplate\":\"https:\/\/genjimemiras.com.tm\/?s={search_term_string}\"},\"query-input\":{\"@type\":\"PropertyValueSpecification\",\"valueRequired\":true,\"valueName\":\"search_term_string\"}}],\"inLanguage\":\"tk-TM\"},{\"@type\":\"Organization\",\"@id\":\"https:\/\/genjimemiras.com.tm\/#organization\",\"name\":\"Genjime Miras\",\"url\":\"https:\/\/genjimemiras.com.tm\/\",\"logo\":{\"@type\":\"ImageObject\",\"inLanguage\":\"tk-TM\",\"@id\":\"https:\/\/genjimemiras.com.tm\/#\/schema\/logo\/image\/\",\"url\":\"https:\/\/genjimemiras.com.tm\/wp-content\/uploads\/2026\/02\/cropped-favicon_gm.jpg\",\"contentUrl\":\"https:\/\/genjimemiras.com.tm\/wp-content\/uploads\/2026\/02\/cropped-favicon_gm.jpg\",\"width\":512,\"height\":512,\"caption\":\"Genjime Miras\"},\"image\":{\"@id\":\"https:\/\/genjimemiras.com.tm\/#\/schema\/logo\/image\/\"}}]}<\/script>\n<!-- \/ Yoast SEO plugin. -->","yoast_head_json":{"title":"Ba\u015f sahypa | Genjime Miras","robots":{"index":"index","follow":"follow","max-snippet":"max-snippet:-1","max-image-preview":"max-image-preview:large","max-video-preview":"max-video-preview:-1"},"canonical":"https:\/\/genjimemiras.com.tm\/tm\/glavnaya\/","og_locale":"tk_TM","og_type":"article","og_title":"Ba\u015f sahypa | Genjime Miras","og_description":"[vc_row full_width=&#8221;stretch_row_content_no_spaces&#8221;][vc_column][\/vc_column][\/vc_row][vc_row][vc_column][\/vc_column][\/vc_row][vc_row full_width=&#8221;stretch_row&#8221; css=&#8221;.vc_custom_1556034684251{background-color: #ee7c00 !important;}&#8221;][vc_column][vc_row_inner css=&#8221;.vc_custom_1556035062596{margin-top: -230px !important;}&#8221;][vc_column_inner width=&#8221;1\/4&#8243;][\/vc_column_inner][vc_column_inner width=&#8221;1\/4&#8243;][\/vc_column_inner][vc_column_inner ...","og_url":"https:\/\/genjimemiras.com.tm\/tm\/glavnaya\/","og_site_name":"Genjime Miras","article_modified_time":"2026-02-06T10:23:46+00:00","og_image":[{"width":1199,"height":675,"url":"https:\/\/genjimemiras.com.tm\/wp-content\/uploads\/2026\/02\/Genjime-Miras.jpg","type":"image\/jpeg"}],"twitter_card":"summary_large_image","twitter_misc":{"Est. reading time":"4 minutes"},"schema":{"@context":"https:\/\/schema.org","@graph":[{"@type":"WebPage","@id":"https:\/\/genjimemiras.com.tm\/tm\/glavnaya\/","url":"https:\/\/genjimemiras.com.tm\/tm\/glavnaya\/","name":"Ba\u015f sahypa | Genjime Miras","isPartOf":{"@id":"https:\/\/genjimemiras.com.tm\/#website"},"datePublished":"2026-02-02T03:21:56+00:00","dateModified":"2026-02-06T10:23:46+00:00","breadcrumb":{"@id":"https:\/\/genjimemiras.com.tm\/tm\/glavnaya\/#breadcrumb"},"inLanguage":"tk-TM","potentialAction":[{"@type":"ReadAction","target":["https:\/\/genjimemiras.com.tm\/tm\/glavnaya\/"]}]},{"@type":"BreadcrumbList","@id":"https:\/\/genjimemiras.com.tm\/tm\/glavnaya\/#breadcrumb","itemListElement":[{"@type":"ListItem","position":1,"name":"Home","item":"https:\/\/genjimemiras.com.tm\/tm\/glavnaya\/"},{"@type":"ListItem","position":2,"name":"Ba\u015f sahypa"}]},{"@type":"WebSite","@id":"https:\/\/genjimemiras.com.tm\/#website","url":"https:\/\/genjimemiras.com.tm\/","name":"Genjime Miras","description":"","publisher":{"@id":"https:\/\/genjimemiras.com.tm\/#organization"},"potentialAction":[{"@type":"SearchAction","target":{"@type":"EntryPoint","urlTemplate":"https:\/\/genjimemiras.com.tm\/?s={search_term_string}"},"query-input":{"@type":"PropertyValueSpecification","valueRequired":true,"valueName":"search_term_string"}}],"inLanguage":"tk-TM"},{"@type":"Organization","@id":"https:\/\/genjimemiras.com.tm\/#organization","name":"Genjime Miras","url":"https:\/\/genjimemiras.com.tm\/","logo":{"@type":"ImageObject","inLanguage":"tk-TM","@id":"https:\/\/genjimemiras.com.tm\/#\/schema\/logo\/image\/","url":"https:\/\/genjimemiras.com.tm\/wp-content\/uploads\/2026\/02\/cropped-favicon_gm.jpg","contentUrl":"https:\/\/genjimemiras.com.tm\/wp-content\/uploads\/2026\/02\/cropped-favicon_gm.jpg","width":512,"height":512,"caption":"Genjime Miras"},"image":{"@id":"https:\/\/genjimemiras.com.tm\/#\/schema\/logo\/image\/"}}]}},"_links":{"self":[{"href":"https:\/\/genjimemiras.com.tm\/tm\/wp-json\/wp\/v2\/pages\/1852","targetHints":{"allow":["GET"]}}],"collection":[{"href":"https:\/\/genjimemiras.com.tm\/tm\/wp-json\/wp\/v2\/pages"}],"about":[{"href":"https:\/\/genjimemiras.com.tm\/tm\/wp-json\/wp\/v2\/types\/page"}],"author":[{"embeddable":true,"href":"https:\/\/genjimemiras.com.tm\/tm\/wp-json\/wp\/v2\/users\/1"}],"replies":[{"embeddable":true,"href":"https:\/\/genjimemiras.com.tm\/tm\/wp-json\/wp\/v2\/comments?post=1852"}],"version-history":[{"count":12,"href":"https:\/\/genjimemiras.com.tm\/tm\/wp-json\/wp\/v2\/pages\/1852\/revisions"}],"predecessor-version":[{"id":2005,"href":"https:\/\/genjimemiras.com.tm\/tm\/wp-json\/wp\/v2\/pages\/1852\/revisions\/2005"}],"wp:attachment":[{"href":"https:\/\/genjimemiras.com.tm\/tm\/wp-json\/wp\/v2\/media?parent=1852"}],"curies":[{"name":"wp","href":"https:\/\/api.w.org\/{rel}","templated":true}]}}