{"id":1855,"date":"2026-02-03T09:57:00","date_gmt":"2026-02-03T04:57:00","guid":{"rendered":"https:\/\/genjimemiras.com.tm\/apteka\/"},"modified":"2026-02-05T23:12:22","modified_gmt":"2026-02-05T18:12:22","slug":"dermanhana","status":"publish","type":"page","link":"https:\/\/genjimemiras.com.tm\/tm\/dermanhana\/","title":{"rendered":"Dermanhana"},"content":{"rendered":"<div class=\"wpb-content-wrapper\"><p>[vc_row full_width=&#8221;stretch_row&#8221;][vc_column offset=&#8221;vc_col-md-6&#8243;]<div class=\"cz_eqh cz_content_box_parent_fx  z99\"><div id=\"cz_109255\" class=\"cz_109255 cz_content_box clr\"><div class=\"cz_box_front clr\"><div class=\"cz_box_front_inner clr \"><span><\/span><div><div id=\"cz_108789\" class=\"cz_108789 cz_title clr cz_mobile_text_center cz_title_pos_inline\"><div class=\"cz_title_shape shape_square cz_shape_1\"><\/div><div class=\"cz_title_shape shape_square cz_shape_2\"><\/div><div class=\"cz_title_content\"><div class=\"cz_wpe_content\"><h3><span style=\"font-weight: 300;\"><span style=\"color: rgba(238, 124, 0, 0.35);\"><strong>Genjime Miras HJ <\/strong><\/span><br \/>\n<\/span><\/h3>\n<p>&nbsp;<\/p>\n<p>&nbsp;<\/p>\n<h2><span style=\"font-weight: bold;\">Dermanhanasy \u2014 Lebap<br \/>\n<\/span><\/h2>\n<\/div><\/div><\/div><div class=\"cz_gap clr \" style=\"height: 30px\"><\/div><div id=\"cz_32397\" class=\"cz_32397 cz_title clr cz_title_pos_inline\"><div class=\"cz_title_content\"><div class=\"cz_wpe_content\"><p><span style=\"font-size: 16px; margin-top: 10px; display: inline-block; color: #666666;\"><strong>Lebap sebitind\u00e4ki<\/strong> dermanhanamyz sarp edijilere \u00fdokary hilli hyzmat h\u00f6d\u00fcrle\u00fd\u00e4r we sertifikatla\u015fdyrylan dermanlary\u0148 we saglyk \u00f6n\u00fcmlerini\u0148 gi\u0148 g\u00f6rn\u00fc\u015fini h\u00f6d\u00fcrle\u00fd\u00e4r.<\/span><\/p>\n<p><span style=\"font-size: 16px; margin-top: 10px; display: inline-block; color: #666666;\">Esasy pe\u00fddalar:<br \/>\n<\/span><\/p>\n<\/div><\/div><\/div><div class=\"cz_gap clr \" style=\"height: 30px\"><\/div><div id=\"cz_100856\" class=\"cz_100856 cz_title clr cz_title_pos_inline\"><div class=\"cz_title_content\"><div class=\"cz_wpe_content\"><ul>\n<li><strong>H\u00fcn\u00e4rmen dermanhana\u00e7ylar<\/strong> \u2014 h\u00fcn\u00e4rli h\u00fcn\u00e4rmenler dermanlary ulanmak bo\u00fdun\u00e7a maslahat berm\u00e4ge we saglyk bo\u00fdun\u00e7a maslahat berm\u00e4ge ta\u00fd\u00fdar.<\/li>\n<li><strong>Lukman maslahat\u00e7ylaryny\u0148 goldawy<\/strong> \u2014 biz ylmy ta\u00fddan esaslandyrylan maslahatlary we dermanlary sa\u00fdlamakda k\u00f6mek ber\u00fd\u00e4ris.<\/li>\n<li><strong>Gi\u0148 g\u00f6rn\u00fc\u015f<\/strong> \u2014 halkara \u00f6nd\u00fcrijilerinden asyl we generik dermanlar.<\/li>\n<\/ul>\n<\/div><\/div><\/div><div id=\"cz_99923\" class=\"cz_99923 cz_title clr cz_title_pos_inline\"><div class=\"cz_title_content\"><div class=\"cz_wpe_content\"><p><span style=\"font-size: 16px; margin-top: 10px; display: inline-block; color: #666666;\">Biz dermanhana gel\u00fd\u00e4n her bir adam \u00fc\u00e7in i\u0148 \u00fdokary rahatlygy we howpsuzlygy \u00fcpj\u00fcn etm\u00e4ge \u00e7aly\u015f\u00fdarys.<br \/>\n<\/span><\/p>\n<\/div><\/div><\/div><div class=\"cz_gap clr \" style=\"height: 30px\"><\/div><\/div><\/div><\/div><\/div><\/div>[\/vc_column][vc_column offset=&#8221;vc_col-md-6&#8243;]<div id=\"cz_65654\" data-position=\"top-right\" class=\"cz_65654 cz_image clr cz_image_no_fx center_on_mobile\"><div class=\"\" ><div class=\"cz_image_in\"><div class=\"cz_main_image\"><img loading=\"lazy\" decoding=\"async\" width=\"800\" height=\"800\" src=\"https:\/\/genjimemiras.com.tm\/wp-content\/uploads\/2026\/02\/13_.jpg\" class=\"attachment-full\" alt=\"\" title=\"\" srcset=\"https:\/\/genjimemiras.com.tm\/wp-content\/uploads\/2026\/02\/13_.jpg 800w, https:\/\/genjimemiras.com.tm\/wp-content\/uploads\/2026\/02\/13_-300x300.jpg 300w, https:\/\/genjimemiras.com.tm\/wp-content\/uploads\/2026\/02\/13_-150x150.jpg 150w, https:\/\/genjimemiras.com.tm\/wp-content\/uploads\/2026\/02\/13_-768x768.jpg 768w, https:\/\/genjimemiras.com.tm\/wp-content\/uploads\/2026\/02\/13_-600x600.jpg 600w\" sizes=\"auto, (max-width: 800px) 100vw, 800px\" \/><\/div><\/div><\/div><\/div>[\/vc_column][\/vc_row]<\/p>\n<\/div>","protected":false},"excerpt":{"rendered":"<p>[vc_row full_width=&#8221;stretch_row&#8221;][vc_column offset=&#8221;vc_col-md-6&#8243;][\/vc_column][vc_column offset=&#8221;vc_col-md-6&#8243;][\/vc_column][\/vc_row] &#8230; <\/p>\n","protected":false},"author":1,"featured_media":0,"parent":0,"menu_order":0,"comment_status":"closed","ping_status":"closed","template":"","meta":{"footnotes":""},"class_list":["post-1855","page","type-page","status-publish","hentry"],"yoast_head":"<!-- This site is optimized with the Yoast SEO plugin v26.9 - https:\/\/yoast.com\/product\/yoast-seo-wordpress\/ -->\n<title>Dermanhana | Genjime Miras<\/title>\n<meta name=\"robots\" content=\"index, follow, max-snippet:-1, max-image-preview:large, max-video-preview:-1\" \/>\n<link rel=\"canonical\" href=\"https:\/\/genjimemiras.com.tm\/tm\/dermanhana\/\" \/>\n<meta property=\"og:locale\" content=\"tk_TM\" \/>\n<meta property=\"og:type\" content=\"article\" \/>\n<meta property=\"og:title\" content=\"Dermanhana | Genjime Miras\" \/>\n<meta property=\"og:description\" content=\"[vc_row full_width=&#8221;stretch_row&#8221;][vc_column offset=&#8221;vc_col-md-6&#8243;][\/vc_column][vc_column offset=&#8221;vc_col-md-6&#8243;][\/vc_column][\/vc_row] ...\" \/>\n<meta property=\"og:url\" content=\"https:\/\/genjimemiras.com.tm\/tm\/dermanhana\/\" \/>\n<meta property=\"og:site_name\" content=\"Genjime Miras\" \/>\n<meta property=\"article:modified_time\" content=\"2026-02-05T18:12:22+00:00\" \/>\n<meta property=\"og:image\" content=\"https:\/\/genjimemiras.com.tm\/wp-content\/uploads\/2026\/02\/Genjime-Miras.jpg\" \/>\n\t<meta property=\"og:image:width\" content=\"1199\" \/>\n\t<meta property=\"og:image:height\" content=\"675\" \/>\n\t<meta property=\"og:image:type\" content=\"image\/jpeg\" \/>\n<meta name=\"twitter:card\" content=\"summary_large_image\" \/>\n<meta name=\"twitter:label1\" content=\"Est. reading time\" \/>\n\t<meta name=\"twitter:data1\" content=\"1 minute\" \/>\n<script type=\"application\/ld+json\" class=\"yoast-schema-graph\">{\"@context\":\"https:\/\/schema.org\",\"@graph\":[{\"@type\":\"WebPage\",\"@id\":\"https:\/\/genjimemiras.com.tm\/tm\/dermanhana\/\",\"url\":\"https:\/\/genjimemiras.com.tm\/tm\/dermanhana\/\",\"name\":\"Dermanhana | Genjime Miras\",\"isPartOf\":{\"@id\":\"https:\/\/genjimemiras.com.tm\/#website\"},\"datePublished\":\"2026-02-03T04:57:00+00:00\",\"dateModified\":\"2026-02-05T18:12:22+00:00\",\"breadcrumb\":{\"@id\":\"https:\/\/genjimemiras.com.tm\/tm\/dermanhana\/#breadcrumb\"},\"inLanguage\":\"tk-TM\",\"potentialAction\":[{\"@type\":\"ReadAction\",\"target\":[\"https:\/\/genjimemiras.com.tm\/tm\/dermanhana\/\"]}]},{\"@type\":\"BreadcrumbList\",\"@id\":\"https:\/\/genjimemiras.com.tm\/tm\/dermanhana\/#breadcrumb\",\"itemListElement\":[{\"@type\":\"ListItem\",\"position\":1,\"name\":\"Home\",\"item\":\"https:\/\/genjimemiras.com.tm\/tm\/glavnaya\/\"},{\"@type\":\"ListItem\",\"position\":2,\"name\":\"Dermanhana\"}]},{\"@type\":\"WebSite\",\"@id\":\"https:\/\/genjimemiras.com.tm\/#website\",\"url\":\"https:\/\/genjimemiras.com.tm\/\",\"name\":\"Genjime Miras\",\"description\":\"\",\"publisher\":{\"@id\":\"https:\/\/genjimemiras.com.tm\/#organization\"},\"potentialAction\":[{\"@type\":\"SearchAction\",\"target\":{\"@type\":\"EntryPoint\",\"urlTemplate\":\"https:\/\/genjimemiras.com.tm\/?s={search_term_string}\"},\"query-input\":{\"@type\":\"PropertyValueSpecification\",\"valueRequired\":true,\"valueName\":\"search_term_string\"}}],\"inLanguage\":\"tk-TM\"},{\"@type\":\"Organization\",\"@id\":\"https:\/\/genjimemiras.com.tm\/#organization\",\"name\":\"Genjime Miras\",\"url\":\"https:\/\/genjimemiras.com.tm\/\",\"logo\":{\"@type\":\"ImageObject\",\"inLanguage\":\"tk-TM\",\"@id\":\"https:\/\/genjimemiras.com.tm\/#\/schema\/logo\/image\/\",\"url\":\"https:\/\/genjimemiras.com.tm\/wp-content\/uploads\/2026\/02\/cropped-favicon_gm.jpg\",\"contentUrl\":\"https:\/\/genjimemiras.com.tm\/wp-content\/uploads\/2026\/02\/cropped-favicon_gm.jpg\",\"width\":512,\"height\":512,\"caption\":\"Genjime Miras\"},\"image\":{\"@id\":\"https:\/\/genjimemiras.com.tm\/#\/schema\/logo\/image\/\"}}]}<\/script>\n<!-- \/ Yoast SEO plugin. -->","yoast_head_json":{"title":"Dermanhana | Genjime Miras","robots":{"index":"index","follow":"follow","max-snippet":"max-snippet:-1","max-image-preview":"max-image-preview:large","max-video-preview":"max-video-preview:-1"},"canonical":"https:\/\/genjimemiras.com.tm\/tm\/dermanhana\/","og_locale":"tk_TM","og_type":"article","og_title":"Dermanhana | Genjime Miras","og_description":"[vc_row full_width=&#8221;stretch_row&#8221;][vc_column offset=&#8221;vc_col-md-6&#8243;][\/vc_column][vc_column offset=&#8221;vc_col-md-6&#8243;][\/vc_column][\/vc_row] ...","og_url":"https:\/\/genjimemiras.com.tm\/tm\/dermanhana\/","og_site_name":"Genjime Miras","article_modified_time":"2026-02-05T18:12:22+00:00","og_image":[{"width":1199,"height":675,"url":"https:\/\/genjimemiras.com.tm\/wp-content\/uploads\/2026\/02\/Genjime-Miras.jpg","type":"image\/jpeg"}],"twitter_card":"summary_large_image","twitter_misc":{"Est. reading time":"1 minute"},"schema":{"@context":"https:\/\/schema.org","@graph":[{"@type":"WebPage","@id":"https:\/\/genjimemiras.com.tm\/tm\/dermanhana\/","url":"https:\/\/genjimemiras.com.tm\/tm\/dermanhana\/","name":"Dermanhana | Genjime Miras","isPartOf":{"@id":"https:\/\/genjimemiras.com.tm\/#website"},"datePublished":"2026-02-03T04:57:00+00:00","dateModified":"2026-02-05T18:12:22+00:00","breadcrumb":{"@id":"https:\/\/genjimemiras.com.tm\/tm\/dermanhana\/#breadcrumb"},"inLanguage":"tk-TM","potentialAction":[{"@type":"ReadAction","target":["https:\/\/genjimemiras.com.tm\/tm\/dermanhana\/"]}]},{"@type":"BreadcrumbList","@id":"https:\/\/genjimemiras.com.tm\/tm\/dermanhana\/#breadcrumb","itemListElement":[{"@type":"ListItem","position":1,"name":"Home","item":"https:\/\/genjimemiras.com.tm\/tm\/glavnaya\/"},{"@type":"ListItem","position":2,"name":"Dermanhana"}]},{"@type":"WebSite","@id":"https:\/\/genjimemiras.com.tm\/#website","url":"https:\/\/genjimemiras.com.tm\/","name":"Genjime Miras","description":"","publisher":{"@id":"https:\/\/genjimemiras.com.tm\/#organization"},"potentialAction":[{"@type":"SearchAction","target":{"@type":"EntryPoint","urlTemplate":"https:\/\/genjimemiras.com.tm\/?s={search_term_string}"},"query-input":{"@type":"PropertyValueSpecification","valueRequired":true,"valueName":"search_term_string"}}],"inLanguage":"tk-TM"},{"@type":"Organization","@id":"https:\/\/genjimemiras.com.tm\/#organization","name":"Genjime Miras","url":"https:\/\/genjimemiras.com.tm\/","logo":{"@type":"ImageObject","inLanguage":"tk-TM","@id":"https:\/\/genjimemiras.com.tm\/#\/schema\/logo\/image\/","url":"https:\/\/genjimemiras.com.tm\/wp-content\/uploads\/2026\/02\/cropped-favicon_gm.jpg","contentUrl":"https:\/\/genjimemiras.com.tm\/wp-content\/uploads\/2026\/02\/cropped-favicon_gm.jpg","width":512,"height":512,"caption":"Genjime Miras"},"image":{"@id":"https:\/\/genjimemiras.com.tm\/#\/schema\/logo\/image\/"}}]}},"_links":{"self":[{"href":"https:\/\/genjimemiras.com.tm\/tm\/wp-json\/wp\/v2\/pages\/1855","targetHints":{"allow":["GET"]}}],"collection":[{"href":"https:\/\/genjimemiras.com.tm\/tm\/wp-json\/wp\/v2\/pages"}],"about":[{"href":"https:\/\/genjimemiras.com.tm\/tm\/wp-json\/wp\/v2\/types\/page"}],"author":[{"embeddable":true,"href":"https:\/\/genjimemiras.com.tm\/tm\/wp-json\/wp\/v2\/users\/1"}],"replies":[{"embeddable":true,"href":"https:\/\/genjimemiras.com.tm\/tm\/wp-json\/wp\/v2\/comments?post=1855"}],"version-history":[{"count":2,"href":"https:\/\/genjimemiras.com.tm\/tm\/wp-json\/wp\/v2\/pages\/1855\/revisions"}],"predecessor-version":[{"id":1909,"href":"https:\/\/genjimemiras.com.tm\/tm\/wp-json\/wp\/v2\/pages\/1855\/revisions\/1909"}],"wp:attachment":[{"href":"https:\/\/genjimemiras.com.tm\/tm\/wp-json\/wp\/v2\/media?parent=1855"}],"curies":[{"name":"wp","href":"https:\/\/api.w.org\/{rel}","templated":true}]}}