{"id":1858,"date":"2026-02-02T08:25:52","date_gmt":"2026-02-02T03:25:52","guid":{"rendered":"https:\/\/genjimemiras.com.tm\/contakty\/"},"modified":"2026-02-06T02:31:55","modified_gmt":"2026-02-05T21:31:55","slug":"aragatnasyk-ucin","status":"publish","type":"page","link":"https:\/\/genjimemiras.com.tm\/tm\/aragatnasyk-ucin\/","title":{"rendered":"Aragatna\u015fyk \u00fc\u00e7in"},"content":{"rendered":"<div class=\"wpb-content-wrapper\"><p>[vc_row full_width=&#8221;stretch_row&#8221;][vc_column]<div class=\"cz_gap clr \" style=\"height: 75px\"><\/div>[vc_row_inner][vc_column_inner width=&#8221;1\/4&#8243;]<div id=\"cz_54310\" class=\"cz_54310 cz_title clr cz_title_has_icon cz_title_pos_block tac\"><a href=\"https:\/\/google.com\/maps\/\" target=\"_blank\"><div class=\"cz_title_content\"><i class=\"cz_title_icon_before fa czico-080-placeholder-3\"><\/i><div class=\"cz_wpe_content\"><h3 style=\"text-align: center;\"><span style=\"color: #ee7c00; font-size: 20px; font-weight: 500;\">Esasy ofis: <\/span><br \/>\n<span style=\"color: #ee7c00; font-size: 18px; font-weight: 500;\">A\u015fgabat, Turkmenistan<\/span><\/h3>\n<\/div><\/div><\/a><\/div>[\/vc_column_inner][vc_column_inner width=&#8221;1\/4&#8243;]<div id=\"cz_89178\" class=\"cz_89178 cz_title clr cz_title_has_icon cz_title_pos_block tac\"><a href=\"https:\/\/google.com\/maps\/\" target=\"_blank\"><div class=\"cz_title_content\"><i class=\"cz_title_icon_before fa czico-080-placeholder-3\"><\/i><div class=\"cz_wpe_content\"><h3 style=\"text-align: center;\"><span style=\"color: #ee7c00; font-size: 20px; font-weight: 500;\">Dermanhana \u015faham\u00e7asy: <\/span><br \/>\n<span style=\"color: #ee7c00; font-size: 18px; font-weight: 500;\">Lebap wela\u00fdaty, T\u00fcrkmenistan<\/span><\/h3>\n<\/div><\/div><\/a><\/div>[\/vc_column_inner][vc_column_inner width=&#8221;1\/4&#8243;]<div id=\"cz_96860\" class=\"cz_96860 cz_title clr cz_title_has_icon cz_title_pos_block tac\"><a href=\"tel:+99365682286\"><div class=\"cz_title_content\"><i class=\"cz_title_icon_before fa czico-092-phone-call-1\"><\/i><div class=\"cz_wpe_content\"><h3 style=\"text-align: center;\"><span style=\"color: #ee7c00; font-size: 20px; font-weight: 500;\">Telefon: <\/span><br \/>\n<span style=\"color: #ee7c00; font-size: 18px; font-weight: 500;\">+993 65682286<\/span><\/h3>\n<\/div><\/div><\/a><\/div>[\/vc_column_inner][vc_column_inner width=&#8221;1\/4&#8243;]<div id=\"cz_90286\" class=\"cz_90286 cz_title clr cz_title_has_icon cz_title_pos_block tac\"><a href=\"mailto:info.gmpharma@gmail.com\"><div class=\"cz_title_content\"><i class=\"cz_title_icon_before fa czico-094-envelope\"><\/i><div class=\"cz_wpe_content\"><h3 style=\"text-align: center;\"><span style=\"color: #ee7c00; font-size: 20px; font-weight: 500;\">El.po\u00e7ta: <\/span><br \/>\n<span style=\"color: #ee7c00; font-size: 18px; font-weight: 500;\">info.gmpharma@gmail.com<\/span><\/h3>\n<\/div><\/div><\/a><\/div>[\/vc_column_inner][\/vc_row_inner]<div class=\"cz_gap clr \" style=\"height: 60px\"><\/div>[\/vc_column][\/vc_row][vc_row][vc_column]<div class=\"relative\"><div id=\"cz_80134\" class=\"cz_80134 cz_line tal\"><\/div><\/div><div class=\"clr\"><\/div><div class=\"cz_gap clr \" style=\"height: 70px\"><\/div>[\/vc_column][\/vc_row][vc_row css=&#8221;.vc_custom_1497126171788{background-position: center !important;background-repeat: no-repeat !important;background-size: cover !important;}&#8221;][vc_column width=&#8221;1\/2&#8243; css=&#8221;.vc_custom_1556514189840{padding-left: 30px !important;}&#8221;]<div id=\"cz_26211\" class=\"cz_26211 cz_title clr cz_mobile_text_center cz_title_pos_inline\"><div class=\"cz_title_content\"><div class=\"cz_wpe_content\"><h2><span style=\"color: #ee7c00; font-weight: bold;\">Habarla\u015fmak<br \/>\n<\/span><\/h2>\n<\/div><\/div><\/div><div class=\"cz_gap clr \" style=\"height: 20px\"><\/div>[vc_column_text css=&#8221;&#8221;]<span style=\"font-size: 18px; color: #ee7c00;\"><strong>Genjime Miras HJ<\/strong><strong> barada has gi\u0148i\u015fle\u00fdin maglumat almak, hyzmatda\u015flyk m\u00fcmkin\u00e7iliklerini ara alyp maslahatla\u015fmak \u00fda-da \u00f6n\u00fcmlerimiz we hyzmatlarymyz barada go\u015fma\u00e7a maglumat almak islese\u0148iz, bizi\u0148 toparymyz bilen habarla\u015fy\u0148.<\/strong><\/span>[\/vc_column_text]<div id=\"cz_57979\" class=\"cz_57979 cz_cf7 clr\"><div>\n<div class=\"wpcf7 no-js\" id=\"wpcf7-f1917-o1\" lang=\"en-US\" dir=\"ltr\" data-wpcf7-id=\"1917\">\n<div class=\"screen-reader-response\"><p role=\"status\" aria-live=\"polite\" aria-atomic=\"true\"><\/p> <ul><\/ul><\/div>\n<form action=\"\/tm\/wp-json\/wp\/v2\/pages\/1858#wpcf7-f1917-o1\" method=\"post\" class=\"wpcf7-form init\" aria-label=\"Contact form\" novalidate=\"novalidate\" data-status=\"init\">\n<fieldset class=\"hidden-fields-container\"><input type=\"hidden\" name=\"_wpcf7\" value=\"1917\" \/><input type=\"hidden\" name=\"_wpcf7_version\" value=\"6.1.4\" \/><input type=\"hidden\" name=\"_wpcf7_locale\" value=\"en_US\" \/><input type=\"hidden\" name=\"_wpcf7_unit_tag\" value=\"wpcf7-f1917-o1\" \/><input type=\"hidden\" name=\"_wpcf7_container_post\" value=\"0\" \/><input type=\"hidden\" name=\"_wpcf7_posted_data_hash\" value=\"\" \/>\n<\/fieldset>\n<p><span class=\"wpcf7-form-control-wrap\" data-name=\"your-name\"><input size=\"40\" maxlength=\"400\" class=\"wpcf7-form-control wpcf7-text wpcf7-validates-as-required\" aria-required=\"true\" aria-invalid=\"false\" placeholder=\"Ady\u0148yz (*)\" value=\"\" type=\"text\" name=\"your-name\" \/><\/span>\n<\/p>\n<p><span class=\"wpcf7-form-control-wrap\" data-name=\"your-email\"><input size=\"40\" maxlength=\"400\" class=\"wpcf7-form-control wpcf7-email wpcf7-validates-as-required wpcf7-text wpcf7-validates-as-email\" aria-required=\"true\" aria-invalid=\"false\" placeholder=\"Sizi\u0148 emaili\u0148iz (*)\" value=\"\" type=\"email\" name=\"your-email\" \/><\/span>\n<\/p>\n<p><span class=\"wpcf7-form-control-wrap\" data-name=\"your-subject\"><input size=\"40\" maxlength=\"400\" class=\"wpcf7-form-control wpcf7-text\" aria-invalid=\"false\" placeholder=\"Mowzuk\" value=\"\" type=\"text\" name=\"your-subject\" \/><\/span>\n<\/p>\n<p><span class=\"wpcf7-form-control-wrap\" data-name=\"menu-178\"><select class=\"wpcf7-form-control wpcf7-select\" aria-invalid=\"false\" name=\"menu-178\"><option value=\"I\u015f B\u00f6l\u00fcmi\">I\u015f B\u00f6l\u00fcmi<\/option><option value=\"I\u015fg\u00e4rler B\u00f6l\u00fcmi\">I\u015fg\u00e4rler B\u00f6l\u00fcmi<\/option><option value=\"Goldaw B\u00f6l\u00fcmi\">Goldaw B\u00f6l\u00fcmi<\/option><option value=\"Be\u00fdlekiler\">Be\u00fdlekiler<\/option><\/select><\/span>\n<\/p>\n<p><span class=\"wpcf7-form-control-wrap\" data-name=\"your-message\"><textarea cols=\"40\" rows=\"10\" maxlength=\"2000\" class=\"wpcf7-form-control wpcf7-textarea\" aria-invalid=\"false\" placeholder=\"Habar\" name=\"your-message\"><\/textarea><\/span>\n<\/p>\n<p><input class=\"wpcf7-form-control wpcf7-submit has-spinner\" type=\"submit\" value=\"Iber\" \/>\n<\/p><div class=\"wpcf7-response-output\" aria-hidden=\"true\"><\/div>\n<\/form>\n<\/div>\n<\/div><\/div>[\/vc_column][vc_column width=&#8221;1\/2&#8243;][vc_raw_js]JTNDc2NyaXB0JTIwdHlwZSUzRCUyMnRleHQlMkZqYXZhc2NyaXB0JTIyJTIwY2hhcnNldCUzRCUyMnV0Zi04JTIyJTIwYXN5bmMlMjBzcmMlM0QlMjJodHRwcyUzQSUyRiUyRmFwaS1tYXBzLnlhbmRleC5ydSUyRnNlcnZpY2VzJTJGY29uc3RydWN0b3IlMkYxLjAlMkZqcyUyRiUzRnVtJTNEY29uc3RydWN0b3IlMjUzQTc4NzFjMjdjMDVlYzVjNGM2MGQ5ZWRmNzc4YmUyODczYTAzM2QzMDJkODQ5NGQ2ZWM5YmVmMDUyMGQzYzhhNmQlMjZhbXAlM0J3aWR0aCUzRDcwMCUyNmFtcCUzQmhlaWdodCUzRDcwMCUyNmFtcCUzQmxhbmclM0RydV9SVSUyNmFtcCUzQnNjcm9sbCUzRHRydWUlMjIlM0UlM0MlMkZzY3JpcHQlM0U=[\/vc_raw_js][\/vc_column][\/vc_row][vc_row][vc_column]<div class=\"cz_gap clr  hide_on_mobile\" style=\"height: 70px\"><\/div><div class=\"cz_gap show_on_mobile clr\" style=\"height: 70px\"><\/div>[\/vc_column][\/vc_row]<\/p>\n<\/div>","protected":false},"excerpt":{"rendered":"<p>[vc_row full_width=&#8221;stretch_row&#8221;][vc_column][vc_row_inner][vc_column_inner width=&#8221;1\/4&#8243;][\/vc_column_inner][vc_column_inner width=&#8221;1\/4&#8243;][\/vc_column_inner][vc_column_inner width=&#8221;1\/4&#8243;][\/vc_column_inner][vc_column_inner width=&#8221;1\/4&#8243;][\/vc_column_inner][\/vc_row_inner][\/vc_column][\/vc_row][vc_row][vc_column][\/vc_column][\/vc_row][vc_row css=&#8221;.vc_custom_1497126171788{background-position: center !important;background-repeat: no-repeat !important;background-size: &#8230; <\/p>\n","protected":false},"author":1,"featured_media":0,"parent":0,"menu_order":0,"comment_status":"closed","ping_status":"closed","template":"","meta":{"footnotes":""},"class_list":["post-1858","page","type-page","status-publish","hentry"],"yoast_head":"<!-- This site is optimized with the Yoast SEO plugin v26.9 - https:\/\/yoast.com\/product\/yoast-seo-wordpress\/ -->\n<title>Aragatna\u015fyk \u00fc\u00e7in | Genjime Miras<\/title>\n<meta name=\"robots\" content=\"index, follow, max-snippet:-1, max-image-preview:large, max-video-preview:-1\" \/>\n<link rel=\"canonical\" href=\"https:\/\/genjimemiras.com.tm\/tm\/aragatnasyk-ucin\/\" \/>\n<meta property=\"og:locale\" content=\"tk_TM\" \/>\n<meta property=\"og:type\" content=\"article\" \/>\n<meta property=\"og:title\" content=\"Aragatna\u015fyk \u00fc\u00e7in | Genjime Miras\" \/>\n<meta property=\"og:description\" content=\"[vc_row full_width=&#8221;stretch_row&#8221;][vc_column][vc_row_inner][vc_column_inner width=&#8221;1\/4&#8243;][\/vc_column_inner][vc_column_inner width=&#8221;1\/4&#8243;][\/vc_column_inner][vc_column_inner width=&#8221;1\/4&#8243;][\/vc_column_inner][vc_column_inner width=&#8221;1\/4&#8243;][\/vc_column_inner][\/vc_row_inner][\/vc_column][\/vc_row][vc_row][vc_column][\/vc_column][\/vc_row][vc_row css=&#8221;.vc_custom_1497126171788{background-position: center !important;background-repeat: no-repeat !important;background-size: ...\" \/>\n<meta property=\"og:url\" content=\"https:\/\/genjimemiras.com.tm\/tm\/aragatnasyk-ucin\/\" \/>\n<meta property=\"og:site_name\" content=\"Genjime Miras\" \/>\n<meta property=\"article:modified_time\" content=\"2026-02-05T21:31:55+00:00\" \/>\n<meta property=\"og:image\" content=\"https:\/\/genjimemiras.com.tm\/wp-content\/uploads\/2026\/02\/Genjime-Miras.jpg\" \/>\n\t<meta property=\"og:image:width\" content=\"1199\" \/>\n\t<meta property=\"og:image:height\" content=\"675\" \/>\n\t<meta property=\"og:image:type\" content=\"image\/jpeg\" \/>\n<meta name=\"twitter:card\" content=\"summary_large_image\" \/>\n<meta name=\"twitter:label1\" content=\"Est. reading time\" \/>\n\t<meta name=\"twitter:data1\" content=\"3 minutes\" \/>\n<script type=\"application\/ld+json\" class=\"yoast-schema-graph\">{\"@context\":\"https:\/\/schema.org\",\"@graph\":[{\"@type\":\"WebPage\",\"@id\":\"https:\/\/genjimemiras.com.tm\/tm\/aragatnasyk-ucin\/\",\"url\":\"https:\/\/genjimemiras.com.tm\/tm\/aragatnasyk-ucin\/\",\"name\":\"Aragatna\u015fyk \u00fc\u00e7in | Genjime Miras\",\"isPartOf\":{\"@id\":\"https:\/\/genjimemiras.com.tm\/#website\"},\"datePublished\":\"2026-02-02T03:25:52+00:00\",\"dateModified\":\"2026-02-05T21:31:55+00:00\",\"breadcrumb\":{\"@id\":\"https:\/\/genjimemiras.com.tm\/tm\/aragatnasyk-ucin\/#breadcrumb\"},\"inLanguage\":\"tk-TM\",\"potentialAction\":[{\"@type\":\"ReadAction\",\"target\":[\"https:\/\/genjimemiras.com.tm\/tm\/aragatnasyk-ucin\/\"]}]},{\"@type\":\"BreadcrumbList\",\"@id\":\"https:\/\/genjimemiras.com.tm\/tm\/aragatnasyk-ucin\/#breadcrumb\",\"itemListElement\":[{\"@type\":\"ListItem\",\"position\":1,\"name\":\"Home\",\"item\":\"https:\/\/genjimemiras.com.tm\/tm\/glavnaya\/\"},{\"@type\":\"ListItem\",\"position\":2,\"name\":\"Aragatna\u015fyk \u00fc\u00e7in\"}]},{\"@type\":\"WebSite\",\"@id\":\"https:\/\/genjimemiras.com.tm\/#website\",\"url\":\"https:\/\/genjimemiras.com.tm\/\",\"name\":\"Genjime Miras\",\"description\":\"\",\"publisher\":{\"@id\":\"https:\/\/genjimemiras.com.tm\/#organization\"},\"potentialAction\":[{\"@type\":\"SearchAction\",\"target\":{\"@type\":\"EntryPoint\",\"urlTemplate\":\"https:\/\/genjimemiras.com.tm\/?s={search_term_string}\"},\"query-input\":{\"@type\":\"PropertyValueSpecification\",\"valueRequired\":true,\"valueName\":\"search_term_string\"}}],\"inLanguage\":\"tk-TM\"},{\"@type\":\"Organization\",\"@id\":\"https:\/\/genjimemiras.com.tm\/#organization\",\"name\":\"Genjime Miras\",\"url\":\"https:\/\/genjimemiras.com.tm\/\",\"logo\":{\"@type\":\"ImageObject\",\"inLanguage\":\"tk-TM\",\"@id\":\"https:\/\/genjimemiras.com.tm\/#\/schema\/logo\/image\/\",\"url\":\"https:\/\/genjimemiras.com.tm\/wp-content\/uploads\/2026\/02\/cropped-favicon_gm.jpg\",\"contentUrl\":\"https:\/\/genjimemiras.com.tm\/wp-content\/uploads\/2026\/02\/cropped-favicon_gm.jpg\",\"width\":512,\"height\":512,\"caption\":\"Genjime Miras\"},\"image\":{\"@id\":\"https:\/\/genjimemiras.com.tm\/#\/schema\/logo\/image\/\"}}]}<\/script>\n<!-- \/ Yoast SEO plugin. -->","yoast_head_json":{"title":"Aragatna\u015fyk \u00fc\u00e7in | Genjime Miras","robots":{"index":"index","follow":"follow","max-snippet":"max-snippet:-1","max-image-preview":"max-image-preview:large","max-video-preview":"max-video-preview:-1"},"canonical":"https:\/\/genjimemiras.com.tm\/tm\/aragatnasyk-ucin\/","og_locale":"tk_TM","og_type":"article","og_title":"Aragatna\u015fyk \u00fc\u00e7in | Genjime Miras","og_description":"[vc_row full_width=&#8221;stretch_row&#8221;][vc_column][vc_row_inner][vc_column_inner width=&#8221;1\/4&#8243;][\/vc_column_inner][vc_column_inner width=&#8221;1\/4&#8243;][\/vc_column_inner][vc_column_inner width=&#8221;1\/4&#8243;][\/vc_column_inner][vc_column_inner width=&#8221;1\/4&#8243;][\/vc_column_inner][\/vc_row_inner][\/vc_column][\/vc_row][vc_row][vc_column][\/vc_column][\/vc_row][vc_row css=&#8221;.vc_custom_1497126171788{background-position: center !important;background-repeat: no-repeat !important;background-size: ...","og_url":"https:\/\/genjimemiras.com.tm\/tm\/aragatnasyk-ucin\/","og_site_name":"Genjime Miras","article_modified_time":"2026-02-05T21:31:55+00:00","og_image":[{"width":1199,"height":675,"url":"https:\/\/genjimemiras.com.tm\/wp-content\/uploads\/2026\/02\/Genjime-Miras.jpg","type":"image\/jpeg"}],"twitter_card":"summary_large_image","twitter_misc":{"Est. reading time":"3 minutes"},"schema":{"@context":"https:\/\/schema.org","@graph":[{"@type":"WebPage","@id":"https:\/\/genjimemiras.com.tm\/tm\/aragatnasyk-ucin\/","url":"https:\/\/genjimemiras.com.tm\/tm\/aragatnasyk-ucin\/","name":"Aragatna\u015fyk \u00fc\u00e7in | Genjime Miras","isPartOf":{"@id":"https:\/\/genjimemiras.com.tm\/#website"},"datePublished":"2026-02-02T03:25:52+00:00","dateModified":"2026-02-05T21:31:55+00:00","breadcrumb":{"@id":"https:\/\/genjimemiras.com.tm\/tm\/aragatnasyk-ucin\/#breadcrumb"},"inLanguage":"tk-TM","potentialAction":[{"@type":"ReadAction","target":["https:\/\/genjimemiras.com.tm\/tm\/aragatnasyk-ucin\/"]}]},{"@type":"BreadcrumbList","@id":"https:\/\/genjimemiras.com.tm\/tm\/aragatnasyk-ucin\/#breadcrumb","itemListElement":[{"@type":"ListItem","position":1,"name":"Home","item":"https:\/\/genjimemiras.com.tm\/tm\/glavnaya\/"},{"@type":"ListItem","position":2,"name":"Aragatna\u015fyk \u00fc\u00e7in"}]},{"@type":"WebSite","@id":"https:\/\/genjimemiras.com.tm\/#website","url":"https:\/\/genjimemiras.com.tm\/","name":"Genjime Miras","description":"","publisher":{"@id":"https:\/\/genjimemiras.com.tm\/#organization"},"potentialAction":[{"@type":"SearchAction","target":{"@type":"EntryPoint","urlTemplate":"https:\/\/genjimemiras.com.tm\/?s={search_term_string}"},"query-input":{"@type":"PropertyValueSpecification","valueRequired":true,"valueName":"search_term_string"}}],"inLanguage":"tk-TM"},{"@type":"Organization","@id":"https:\/\/genjimemiras.com.tm\/#organization","name":"Genjime Miras","url":"https:\/\/genjimemiras.com.tm\/","logo":{"@type":"ImageObject","inLanguage":"tk-TM","@id":"https:\/\/genjimemiras.com.tm\/#\/schema\/logo\/image\/","url":"https:\/\/genjimemiras.com.tm\/wp-content\/uploads\/2026\/02\/cropped-favicon_gm.jpg","contentUrl":"https:\/\/genjimemiras.com.tm\/wp-content\/uploads\/2026\/02\/cropped-favicon_gm.jpg","width":512,"height":512,"caption":"Genjime Miras"},"image":{"@id":"https:\/\/genjimemiras.com.tm\/#\/schema\/logo\/image\/"}}]}},"_links":{"self":[{"href":"https:\/\/genjimemiras.com.tm\/tm\/wp-json\/wp\/v2\/pages\/1858","targetHints":{"allow":["GET"]}}],"collection":[{"href":"https:\/\/genjimemiras.com.tm\/tm\/wp-json\/wp\/v2\/pages"}],"about":[{"href":"https:\/\/genjimemiras.com.tm\/tm\/wp-json\/wp\/v2\/types\/page"}],"author":[{"embeddable":true,"href":"https:\/\/genjimemiras.com.tm\/tm\/wp-json\/wp\/v2\/users\/1"}],"replies":[{"embeddable":true,"href":"https:\/\/genjimemiras.com.tm\/tm\/wp-json\/wp\/v2\/comments?post=1858"}],"version-history":[{"count":5,"href":"https:\/\/genjimemiras.com.tm\/tm\/wp-json\/wp\/v2\/pages\/1858\/revisions"}],"predecessor-version":[{"id":2000,"href":"https:\/\/genjimemiras.com.tm\/tm\/wp-json\/wp\/v2\/pages\/1858\/revisions\/2000"}],"wp:attachment":[{"href":"https:\/\/genjimemiras.com.tm\/tm\/wp-json\/wp\/v2\/media?parent=1858"}],"curies":[{"name":"wp","href":"https:\/\/api.w.org\/{rel}","templated":true}]}}